{"id":4710,"date":"2023-07-24T12:01:16","date_gmt":"2023-07-24T17:01:16","guid":{"rendered":"https:\/\/escuela.convoca.pe\/cipe\/?page_id=4710"},"modified":"2024-11-15T17:16:27","modified_gmt":"2024-11-15T22:16:27","slug":"registro-mesa-inaugural","status":"publish","type":"page","link":"https:\/\/escuela.convoca.pe\/cipe\/registro-mesa-inaugural\/","title":{"rendered":"Registro mesa inaugural"},"content":{"rendered":"\n<p>Ingresa tus datos para el evento.<\/p>\n","protected":false},"excerpt":{"rendered":"<p>Ingresa tus datos para el evento.<\/p>\n","protected":false},"author":5,"featured_media":5034,"parent":0,"menu_order":0,"comment_status":"closed","ping_status":"closed","template":"page-contacto.php","meta":{"footnotes":""},"class_list":["post-4710","page","type-page","status-publish","has-post-thumbnail","hentry"],"yoast_head":"<!-- This site is optimized with the Yoast SEO plugin v23.6 - https:\/\/yoast.com\/wordpress\/plugins\/seo\/ -->\n<title>Registro mesa inaugural - I Congreso Internacional de Periodismo de Investigaci\u00f3n sobre Industrias Extractivas - CIPE<\/title>\n<meta name=\"description\" content=\"Ingresa tus datos para el evento.\" \/>\n<meta name=\"robots\" content=\"index, follow, max-snippet:-1, max-image-preview:large, max-video-preview:-1\" \/>\n<link rel=\"canonical\" href=\"https:\/\/escuela.convoca.pe\/cipe\/registro-mesa-inaugural\/\" \/>\n<meta property=\"og:locale\" content=\"es_ES\" \/>\n<meta property=\"og:type\" content=\"article\" \/>\n<meta property=\"og:title\" content=\"Registro mesa inaugural - I Congreso Internacional de Periodismo de Investigaci\u00f3n sobre Industrias Extractivas - CIPE\" \/>\n<meta property=\"og:description\" content=\"Ingresa tus datos para el evento.\" \/>\n<meta property=\"og:url\" content=\"https:\/\/escuela.convoca.pe\/cipe\/registro-mesa-inaugural\/\" \/>\n<meta property=\"og:site_name\" content=\"I Congreso Internacional de Periodismo de Investigaci\u00f3n sobre Industrias Extractivas - CIPE\" \/>\n<meta property=\"article:publisher\" content=\"https:\/\/www.facebook.com\/EscuelaConvoca\" \/>\n<meta property=\"article:modified_time\" content=\"2024-11-15T22:16:27+00:00\" \/>\n<meta property=\"og:image\" content=\"https:\/\/escuela.convoca.pe\/cipe\/wp-content\/uploads\/2024\/11\/FLYER-cipe-2024-Viernes-15.png\" \/>\n\t<meta property=\"og:image:width\" content=\"1200\" \/>\n\t<meta property=\"og:image:height\" content=\"1200\" \/>\n\t<meta property=\"og:image:type\" content=\"image\/png\" \/>\n<meta name=\"twitter:card\" content=\"summary_large_image\" \/>\n<meta name=\"twitter:site\" content=\"@EscuelaConvoca\" \/>\n<meta name=\"twitter:label1\" content=\"Est. reading time\" \/>\n\t<meta name=\"twitter:data1\" content=\"1 minuto\" \/>\n<script type=\"application\/ld+json\" class=\"yoast-schema-graph\">{\"@context\":\"https:\/\/schema.org\",\"@graph\":[{\"@type\":\"WebPage\",\"@id\":\"https:\/\/escuela.convoca.pe\/cipe\/registro-mesa-inaugural\/\",\"url\":\"https:\/\/escuela.convoca.pe\/cipe\/registro-mesa-inaugural\/\",\"name\":\"Registro mesa inaugural - I Congreso Internacional de Periodismo de Investigaci\u00f3n sobre Industrias Extractivas - CIPE\",\"isPartOf\":{\"@id\":\"https:\/\/escuela.convoca.pe\/cipe\/#website\"},\"primaryImageOfPage\":{\"@id\":\"https:\/\/escuela.convoca.pe\/cipe\/registro-mesa-inaugural\/#primaryimage\"},\"image\":{\"@id\":\"https:\/\/escuela.convoca.pe\/cipe\/registro-mesa-inaugural\/#primaryimage\"},\"thumbnailUrl\":\"https:\/\/escuela.convoca.pe\/cipe\/wp-content\/uploads\/2024\/11\/FLYER-cipe-2024-Viernes-15.png\",\"datePublished\":\"2023-07-24T17:01:16+00:00\",\"dateModified\":\"2024-11-15T22:16:27+00:00\",\"description\":\"Ingresa tus datos para el evento.\",\"inLanguage\":\"es-PE\",\"potentialAction\":[{\"@type\":\"ReadAction\",\"target\":[\"https:\/\/escuela.convoca.pe\/cipe\/registro-mesa-inaugural\/\"]}]},{\"@type\":\"ImageObject\",\"inLanguage\":\"es-PE\",\"@id\":\"https:\/\/escuela.convoca.pe\/cipe\/registro-mesa-inaugural\/#primaryimage\",\"url\":\"https:\/\/escuela.convoca.pe\/cipe\/wp-content\/uploads\/2024\/11\/FLYER-cipe-2024-Viernes-15.png\",\"contentUrl\":\"https:\/\/escuela.convoca.pe\/cipe\/wp-content\/uploads\/2024\/11\/FLYER-cipe-2024-Viernes-15.png\",\"width\":1200,\"height\":1200},{\"@type\":\"WebSite\",\"@id\":\"https:\/\/escuela.convoca.pe\/cipe\/#website\",\"url\":\"https:\/\/escuela.convoca.pe\/cipe\/\",\"name\":\"I Congreso Internacional de Periodismo de Investigaci\u00f3n sobre Industrias Extractivas - CIPE\",\"description\":\"El congreso internacional se desarrollar\u00e1 de manera presencial en Lima, Per\u00fa, del 29 al 30 de noviembre.\",\"publisher\":{\"@id\":\"https:\/\/escuela.convoca.pe\/cipe\/#organization\"},\"potentialAction\":[{\"@type\":\"SearchAction\",\"target\":{\"@type\":\"EntryPoint\",\"urlTemplate\":\"https:\/\/escuela.convoca.pe\/cipe\/?s={search_term_string}\"},\"query-input\":{\"@type\":\"PropertyValueSpecification\",\"valueRequired\":true,\"valueName\":\"search_term_string\"}}],\"inLanguage\":\"es-PE\"},{\"@type\":\"Organization\",\"@id\":\"https:\/\/escuela.convoca.pe\/cipe\/#organization\",\"name\":\"III Encuentro Latinoamericano de Periodismo para Investigar la Corrupci\u00f3n y las Redes Criminales\",\"alternateName\":\"ELPIC 2023\",\"url\":\"https:\/\/escuela.convoca.pe\/cipe\/\",\"logo\":{\"@type\":\"ImageObject\",\"inLanguage\":\"es-PE\",\"@id\":\"https:\/\/escuela.convoca.pe\/cipe\/#\/schema\/logo\/image\/\",\"url\":\"https:\/\/escuela.convoca.pe\/periodismo-investigalacorrupcion\/wp-content\/uploads\/2023\/07\/PARA-WEB-FINAL.png\",\"contentUrl\":\"https:\/\/escuela.convoca.pe\/periodismo-investigalacorrupcion\/wp-content\/uploads\/2023\/07\/PARA-WEB-FINAL.png\",\"width\":4061,\"height\":1742,\"caption\":\"III Encuentro Latinoamericano de Periodismo para Investigar la Corrupci\u00f3n y las Redes Criminales\"},\"image\":{\"@id\":\"https:\/\/escuela.convoca.pe\/cipe\/#\/schema\/logo\/image\/\"},\"sameAs\":[\"https:\/\/www.facebook.com\/EscuelaConvoca\",\"https:\/\/x.com\/EscuelaConvoca\"]}]}<\/script>\n<!-- \/ Yoast SEO plugin. -->","yoast_head_json":{"title":"Registro mesa inaugural - I Congreso Internacional de Periodismo de Investigaci\u00f3n sobre Industrias Extractivas - CIPE","description":"Ingresa tus datos para el evento.","robots":{"index":"index","follow":"follow","max-snippet":"max-snippet:-1","max-image-preview":"max-image-preview:large","max-video-preview":"max-video-preview:-1"},"canonical":"https:\/\/escuela.convoca.pe\/cipe\/registro-mesa-inaugural\/","og_locale":"es_ES","og_type":"article","og_title":"Registro mesa inaugural - I Congreso Internacional de Periodismo de Investigaci\u00f3n sobre Industrias Extractivas - CIPE","og_description":"Ingresa tus datos para el evento.","og_url":"https:\/\/escuela.convoca.pe\/cipe\/registro-mesa-inaugural\/","og_site_name":"I Congreso Internacional de Periodismo de Investigaci\u00f3n sobre Industrias Extractivas - CIPE","article_publisher":"https:\/\/www.facebook.com\/EscuelaConvoca","article_modified_time":"2024-11-15T22:16:27+00:00","og_image":[{"width":1200,"height":1200,"url":"https:\/\/escuela.convoca.pe\/cipe\/wp-content\/uploads\/2024\/11\/FLYER-cipe-2024-Viernes-15.png","type":"image\/png"}],"twitter_card":"summary_large_image","twitter_site":"@EscuelaConvoca","twitter_misc":{"Est. reading time":"1 minuto"},"schema":{"@context":"https:\/\/schema.org","@graph":[{"@type":"WebPage","@id":"https:\/\/escuela.convoca.pe\/cipe\/registro-mesa-inaugural\/","url":"https:\/\/escuela.convoca.pe\/cipe\/registro-mesa-inaugural\/","name":"Registro mesa inaugural - I Congreso Internacional de Periodismo de Investigaci\u00f3n sobre Industrias Extractivas - CIPE","isPartOf":{"@id":"https:\/\/escuela.convoca.pe\/cipe\/#website"},"primaryImageOfPage":{"@id":"https:\/\/escuela.convoca.pe\/cipe\/registro-mesa-inaugural\/#primaryimage"},"image":{"@id":"https:\/\/escuela.convoca.pe\/cipe\/registro-mesa-inaugural\/#primaryimage"},"thumbnailUrl":"https:\/\/escuela.convoca.pe\/cipe\/wp-content\/uploads\/2024\/11\/FLYER-cipe-2024-Viernes-15.png","datePublished":"2023-07-24T17:01:16+00:00","dateModified":"2024-11-15T22:16:27+00:00","description":"Ingresa tus datos para el evento.","inLanguage":"es-PE","potentialAction":[{"@type":"ReadAction","target":["https:\/\/escuela.convoca.pe\/cipe\/registro-mesa-inaugural\/"]}]},{"@type":"ImageObject","inLanguage":"es-PE","@id":"https:\/\/escuela.convoca.pe\/cipe\/registro-mesa-inaugural\/#primaryimage","url":"https:\/\/escuela.convoca.pe\/cipe\/wp-content\/uploads\/2024\/11\/FLYER-cipe-2024-Viernes-15.png","contentUrl":"https:\/\/escuela.convoca.pe\/cipe\/wp-content\/uploads\/2024\/11\/FLYER-cipe-2024-Viernes-15.png","width":1200,"height":1200},{"@type":"WebSite","@id":"https:\/\/escuela.convoca.pe\/cipe\/#website","url":"https:\/\/escuela.convoca.pe\/cipe\/","name":"I Congreso Internacional de Periodismo de Investigaci\u00f3n sobre Industrias Extractivas - CIPE","description":"El congreso internacional se desarrollar\u00e1 de manera presencial en Lima, Per\u00fa, del 29 al 30 de noviembre.","publisher":{"@id":"https:\/\/escuela.convoca.pe\/cipe\/#organization"},"potentialAction":[{"@type":"SearchAction","target":{"@type":"EntryPoint","urlTemplate":"https:\/\/escuela.convoca.pe\/cipe\/?s={search_term_string}"},"query-input":{"@type":"PropertyValueSpecification","valueRequired":true,"valueName":"search_term_string"}}],"inLanguage":"es-PE"},{"@type":"Organization","@id":"https:\/\/escuela.convoca.pe\/cipe\/#organization","name":"III Encuentro Latinoamericano de Periodismo para Investigar la Corrupci\u00f3n y las Redes Criminales","alternateName":"ELPIC 2023","url":"https:\/\/escuela.convoca.pe\/cipe\/","logo":{"@type":"ImageObject","inLanguage":"es-PE","@id":"https:\/\/escuela.convoca.pe\/cipe\/#\/schema\/logo\/image\/","url":"https:\/\/escuela.convoca.pe\/periodismo-investigalacorrupcion\/wp-content\/uploads\/2023\/07\/PARA-WEB-FINAL.png","contentUrl":"https:\/\/escuela.convoca.pe\/periodismo-investigalacorrupcion\/wp-content\/uploads\/2023\/07\/PARA-WEB-FINAL.png","width":4061,"height":1742,"caption":"III Encuentro Latinoamericano de Periodismo para Investigar la Corrupci\u00f3n y las Redes Criminales"},"image":{"@id":"https:\/\/escuela.convoca.pe\/cipe\/#\/schema\/logo\/image\/"},"sameAs":["https:\/\/www.facebook.com\/EscuelaConvoca","https:\/\/x.com\/EscuelaConvoca"]}]}},"_links":{"self":[{"href":"https:\/\/escuela.convoca.pe\/cipe\/wp-json\/wp\/v2\/pages\/4710"}],"collection":[{"href":"https:\/\/escuela.convoca.pe\/cipe\/wp-json\/wp\/v2\/pages"}],"about":[{"href":"https:\/\/escuela.convoca.pe\/cipe\/wp-json\/wp\/v2\/types\/page"}],"author":[{"embeddable":true,"href":"https:\/\/escuela.convoca.pe\/cipe\/wp-json\/wp\/v2\/users\/5"}],"replies":[{"embeddable":true,"href":"https:\/\/escuela.convoca.pe\/cipe\/wp-json\/wp\/v2\/comments?post=4710"}],"version-history":[{"count":1,"href":"https:\/\/escuela.convoca.pe\/cipe\/wp-json\/wp\/v2\/pages\/4710\/revisions"}],"predecessor-version":[{"id":4712,"href":"https:\/\/escuela.convoca.pe\/cipe\/wp-json\/wp\/v2\/pages\/4710\/revisions\/4712"}],"wp:featuredmedia":[{"embeddable":true,"href":"https:\/\/escuela.convoca.pe\/cipe\/wp-json\/wp\/v2\/media\/5034"}],"wp:attachment":[{"href":"https:\/\/escuela.convoca.pe\/cipe\/wp-json\/wp\/v2\/media?parent=4710"}],"curies":[{"name":"wp","href":"https:\/\/api.w.org\/{rel}","templated":true}]}}